{"id":13,"date":"2023-05-07T19:09:00","date_gmt":"2023-05-07T22:09:00","guid":{"rendered":"https:\/\/thiagoldaniel.com.br\/?page_id=13"},"modified":"2025-09-07T19:22:37","modified_gmt":"2025-09-07T22:22:37","slug":"curriculo","status":"publish","type":"page","link":"https:\/\/thiagoldaniel.com.br\/index.php\/curriculo\/","title":{"rendered":"Curriculo"},"content":{"rendered":"\n<p>Profissional especialista na gest\u00e3o de tecnologia da informa\u00e7\u00e3o com capacita\u00e7\u00e3o em design, prospec\u00e7\u00e3o e implanta\u00e7\u00e3o de solu\u00e7\u00f5es tecnol\u00f3gicas orientadas ao desenvolvimento das atividades corporativas com foco na redu\u00e7\u00e3o e conten\u00e7\u00e3o de recursos, melhoria de processos, produtos al\u00e9m da otimiza\u00e7\u00e3o e integra\u00e7\u00e3o operacional.<br>No \u00e2mbito t\u00e9cnico, especialista em implanta\u00e7\u00e3o de solu\u00e7\u00f5es de Tecnologia da Informa\u00e7\u00e3o Microsoft (Active Directory, ISA, Exchange, Networking, Microsoft SQL Server), Cisco, Veeam. Atua\u00e7\u00e3o como arquiteto de solu\u00e7\u00f5es baseadas em softwares livres. Administra\u00e7\u00e3o de bancos de Dados Progress OpenEdge, MSSQL, MYSQL e conhecimentos b\u00e1sicos de Informix.<br>Viv\u00eancia profissional na opera\u00e7\u00e3o e gest\u00e3o de solu\u00e7\u00f5es de nuvens providas pelos principais fornecedores do mercado (AWS, MICROSOFT AZURE, GOOGLE, HUAWEI). Experi\u00eancia com projetos de Migra\u00e7\u00e3o de Infraestrutura e de Repatria\u00e7\u00e3o de Servi\u00e7os. <br>Administra\u00e7\u00e3o de Infraestrutura de Tecnologia da Informa\u00e7\u00e3o e Suporte T\u00e9cnico Especializado.Gest\u00e3o de Equipes.<br>Conhecimentos sobre o ERP TOTVS Linhas Datasul \/ RM &#8211; Segmento Tecnologia.<br>Interoperabilidade de sistemas (Livres X Propriet\u00e1rios).<br>Vis\u00e3o generalista de processos e pr\u00e1ticas corporativas inclusive com novos padr\u00f5es e processos operacionais orientados a ind\u00fastria 4.0.<br>P&amp;D de solu\u00e7\u00f5es para cen\u00e1rios corporativos diversos, solu\u00e7\u00f5es estas focadas em servi\u00e7os e aplica\u00e7\u00f5es de baixo custo financeiro e alto valor tecnol\u00f3gico.<br>Lider de processos de Digitaliza\u00e7\u00e3o, Inova\u00e7\u00e3o e Privacidade de Dados.<br>Boas no\u00e7\u00f5es de intera\u00e7\u00e3o e gerenciamento de projetos.<\/p>\n\n\n\n<p><\/p>\n\n\n\n<p><strong>Forma\u00e7\u00e3o Acad\u00eamica.<\/strong><\/p>\n\n\n\n<p>P\u00f3s Graduado em Governan\u00e7a de Tecnologia da Informa\u00e7\u00e3o &#8211; UNICAMP.<\/p>\n\n\n\n<p>MBA em Engenharia e Inova\u00e7\u00e3o &#8211; UEMG.<\/p>\n\n\n\n<p>P\u00f3s Graduado em Rede de Computadores &#8211; UFLA.<\/p>\n\n\n\n<p>Bacharel em Sistemas de Informa\u00e7\u00e3o &#8211; FUMEC.<\/p>\n\n\n\n<p>Tecn\u00f3logo em Rede de Computadores &#8211; Faculdade Est\u00e1cio de S\u00e1 \/ BH &#8211; PRADO.<\/p>\n\n\n\n<p><\/p>\n\n\n\n<p><strong>Certifica\u00e7\u00f5es<\/strong><\/p>\n\n\n\n<p>DPO &#8211; Exin<\/p>\n\n\n\n<p>PDPP &#8211; Exin<\/p>\n\n\n\n<p>PDPF &#8211; Exin<\/p>\n\n\n\n<p>ISFS &#8211; Exin<\/p>\n\n\n\n<p>ITIL V3 Exin<\/p>\n\n\n\n<p>ITCERTS &#8211;  DPO<\/p>\n\n\n\n<p>ITCERTS &#8211;  Information Security Management Foundation. <\/p>\n\n\n\n<p>ITCERTS &#8211;  Information Security Risk Management Foundation. <\/p>\n\n\n\n<p>Pass the ITC-038: GDPR Foundation. <\/p>\n\n\n\n<p>ITCERTS &#8211;  LGPD Foundation.<\/p>\n\n\n\n<p>ICSI | CNSS Certified Network Security Specialist.<\/p>\n\n\n\n<p>MCSA &#8211; Microsoft Certified Systems Administrator.<\/p>\n\n\n\n<p>MCDST &#8211; Microsoft Certified Desktop Support Technician.<\/p>\n\n\n\n<p>AWS &#8211; Administration Acreditation Tecnical.<\/p>\n\n\n\n<p>AWS &#8211; Administration Acreditation Business.<\/p>\n\n\n\n<p>Fortinet NS1,NS2,NS3.<\/p>\n","protected":false},"excerpt":{"rendered":"<p>Profissional especialista na gest\u00e3o de tecnologia da informa\u00e7\u00e3o com capacita\u00e7\u00e3o em design, prospec\u00e7\u00e3o e implanta\u00e7\u00e3o de solu\u00e7\u00f5es tecnol\u00f3gicas orientadas ao desenvolvimento das atividades corporativas com foco na redu\u00e7\u00e3o e conten\u00e7\u00e3o de recursos, melhoria de processos, produtos al\u00e9m da otimiza\u00e7\u00e3o e integra\u00e7\u00e3o operacional.No<\/p>\n<p class=\"link-more\"><a class=\"myButt three\" href=\"https:\/\/thiagoldaniel.com.br\/index.php\/curriculo\/\">Leia Mais&#8230;<\/a><\/p>\n","protected":false},"author":1,"featured_media":0,"parent":0,"menu_order":0,"comment_status":"closed","ping_status":"closed","template":"","meta":{"footnotes":""},"class_list":["post-13","page","type-page","status-publish","hentry"],"_links":{"self":[{"href":"https:\/\/thiagoldaniel.com.br\/index.php\/wp-json\/wp\/v2\/pages\/13","targetHints":{"allow":["GET"]}}],"collection":[{"href":"https:\/\/thiagoldaniel.com.br\/index.php\/wp-json\/wp\/v2\/pages"}],"about":[{"href":"https:\/\/thiagoldaniel.com.br\/index.php\/wp-json\/wp\/v2\/types\/page"}],"author":[{"embeddable":true,"href":"https:\/\/thiagoldaniel.com.br\/index.php\/wp-json\/wp\/v2\/users\/1"}],"replies":[{"embeddable":true,"href":"https:\/\/thiagoldaniel.com.br\/index.php\/wp-json\/wp\/v2\/comments?post=13"}],"version-history":[{"count":12,"href":"https:\/\/thiagoldaniel.com.br\/index.php\/wp-json\/wp\/v2\/pages\/13\/revisions"}],"predecessor-version":[{"id":246,"href":"https:\/\/thiagoldaniel.com.br\/index.php\/wp-json\/wp\/v2\/pages\/13\/revisions\/246"}],"wp:attachment":[{"href":"https:\/\/thiagoldaniel.com.br\/index.php\/wp-json\/wp\/v2\/media?parent=13"}],"curies":[{"name":"wp","href":"https:\/\/api.w.org\/{rel}","templated":true}]}}