{"id":14,"date":"2023-05-07T19:09:00","date_gmt":"2023-05-07T22:09:00","guid":{"rendered":"https:\/\/thiagoldaniel.com.br\/?page_id=14"},"modified":"2025-09-07T19:23:42","modified_gmt":"2025-09-07T22:23:42","slug":"projetos","status":"publish","type":"page","link":"https:\/\/thiagoldaniel.com.br\/index.php\/projetos\/","title":{"rendered":"Projetos"},"content":{"rendered":"\n<p>Digitaliza\u00e7\u00e3o Total de Arquivos &#8211; Grupo Proma.<\/p>\n\n\n\n<p>Implanta\u00e7\u00e3o Solu\u00e7\u00e3o XDR &#8211; Grupo Proma.<\/p>\n\n\n\n<p>Migra\u00e7\u00e3o Plataforma e Implanta\u00e7\u00e3o Solu\u00e7\u00e3o Firewall NGFW &#8211; Grupo Proma.<\/p>\n\n\n\n<p>Migra\u00e7\u00e3o Ferramenta Log\u00edstica &#8211; Grupo Proma.<\/p>\n\n\n\n<p>Moderniza\u00e7\u00e3o Datacenter  &#8211; Grupo Proma. <\/p>\n\n\n\n<p>Repatria\u00e7\u00e3o de Datacenter &#8211; Grupo Proma.<\/p>\n\n\n\n<p>Desenvolvimento de APP Qualidade de Fornecedores &#8211; Grupo Proma.<\/p>\n\n\n\n<p>Desenvolvimento de Aplica\u00e7\u00e3o de Controle Operacional Produtivo &#8211; Grupo Proma.<\/p>\n\n\n\n<p>Projeto e arquitetura da Rede de Computadores &#8211; Grupo Proma. <\/p>\n\n\n\n<p>Implanta\u00e7\u00e3o de Solu\u00e7\u00e3o NOC para gerenciamento das Redes e Infraestruturas &#8211; Grupo Proma.<\/p>\n\n\n\n<p>Estabelecimento do Service Desk &#8211; Grupo Proma.<\/p>\n\n\n\n<p>Implanta\u00e7\u00e3o da Ferramenta de Automa\u00e7\u00e3o Logistica, Manufatura e Qualidade &#8211; Grupo Proma.<\/p>\n","protected":false},"excerpt":{"rendered":"<p>Digitaliza\u00e7\u00e3o Total de Arquivos &#8211; Grupo Proma. Implanta\u00e7\u00e3o Solu\u00e7\u00e3o XDR &#8211; Grupo Proma. Migra\u00e7\u00e3o Plataforma e Implanta\u00e7\u00e3o Solu\u00e7\u00e3o Firewall NGFW &#8211; Grupo Proma. Migra\u00e7\u00e3o Ferramenta Log\u00edstica &#8211; Grupo Proma. Moderniza\u00e7\u00e3o Datacenter &#8211; Grupo Proma. Repatria\u00e7\u00e3o de Datacenter &#8211; Grupo Proma. Desenvolvimento de<\/p>\n<p class=\"link-more\"><a class=\"myButt three\" href=\"https:\/\/thiagoldaniel.com.br\/index.php\/projetos\/\">Leia Mais&#8230;<\/a><\/p>\n","protected":false},"author":1,"featured_media":0,"parent":0,"menu_order":0,"comment_status":"closed","ping_status":"closed","template":"","meta":{"footnotes":""},"class_list":["post-14","page","type-page","status-publish","hentry"],"_links":{"self":[{"href":"https:\/\/thiagoldaniel.com.br\/index.php\/wp-json\/wp\/v2\/pages\/14","targetHints":{"allow":["GET"]}}],"collection":[{"href":"https:\/\/thiagoldaniel.com.br\/index.php\/wp-json\/wp\/v2\/pages"}],"about":[{"href":"https:\/\/thiagoldaniel.com.br\/index.php\/wp-json\/wp\/v2\/types\/page"}],"author":[{"embeddable":true,"href":"https:\/\/thiagoldaniel.com.br\/index.php\/wp-json\/wp\/v2\/users\/1"}],"replies":[{"embeddable":true,"href":"https:\/\/thiagoldaniel.com.br\/index.php\/wp-json\/wp\/v2\/comments?post=14"}],"version-history":[{"count":8,"href":"https:\/\/thiagoldaniel.com.br\/index.php\/wp-json\/wp\/v2\/pages\/14\/revisions"}],"predecessor-version":[{"id":49,"href":"https:\/\/thiagoldaniel.com.br\/index.php\/wp-json\/wp\/v2\/pages\/14\/revisions\/49"}],"wp:attachment":[{"href":"https:\/\/thiagoldaniel.com.br\/index.php\/wp-json\/wp\/v2\/media?parent=14"}],"curies":[{"name":"wp","href":"https:\/\/api.w.org\/{rel}","templated":true}]}}