{"id":189,"date":"2025-09-11T22:33:43","date_gmt":"2025-09-12T01:33:43","guid":{"rendered":"https:\/\/thiagoldaniel.com.br\/?page_id=189"},"modified":"2025-09-11T22:42:17","modified_gmt":"2025-09-12T01:42:17","slug":"aeromodelismo","status":"publish","type":"page","link":"https:\/\/thiagoldaniel.com.br\/index.php\/aeromodelismo\/","title":{"rendered":"Aeromodelismo"},"content":{"rendered":"\n<p>O aeromodelismo \u00e9 muito mais do que apenas uma atividade t\u00e9cnica ou um hobby \u2014 \u00e9 uma forma de poesia em movimento. Imagine um campo aberto, o vento suave no rosto, o cora\u00e7\u00e3o acelerando no mesmo ritmo das h\u00e9lices. Cada decolagem \u00e9 como um sonho que ganha asas, cada voo \u00e9 uma dan\u00e7a delicada entre o homem, a m\u00e1quina e o c\u00e9u.<\/p>\n\n\n\n<figure class=\"wp-block-image size-large is-resized\"><img loading=\"lazy\" decoding=\"async\" width=\"1024\" height=\"768\" src=\"http:\/\/thiagoldaniel.com.br\/wp-content\/uploads\/2025\/09\/WhatsApp-Image-2025-09-11-at-22.32.05-1-1024x768.jpeg\" alt=\"\" class=\"wp-image-192\" style=\"width:769px;height:auto\" srcset=\"https:\/\/thiagoldaniel.com.br\/wp-content\/uploads\/2025\/09\/WhatsApp-Image-2025-09-11-at-22.32.05-1-1024x768.jpeg 1024w, https:\/\/thiagoldaniel.com.br\/wp-content\/uploads\/2025\/09\/WhatsApp-Image-2025-09-11-at-22.32.05-1-300x225.jpeg 300w, https:\/\/thiagoldaniel.com.br\/wp-content\/uploads\/2025\/09\/WhatsApp-Image-2025-09-11-at-22.32.05-1-768x576.jpeg 768w, https:\/\/thiagoldaniel.com.br\/wp-content\/uploads\/2025\/09\/WhatsApp-Image-2025-09-11-at-22.32.05-1.jpeg 1280w\" sizes=\"auto, (max-width: 1024px) 100vw, 1024px\" \/><\/figure>\n\n\n\n<p>H\u00e1 algo de profundamente rom\u00e2ntico no momento em que o aeromodelo deixa o solo: \u00e9 como se voc\u00ea libertasse um peda\u00e7o de si mesmo para explorar o horizonte. \u00c9 um ato de confian\u00e7a \u2014 confian\u00e7a no seu preparo, na precis\u00e3o da constru\u00e7\u00e3o e no poder da f\u00edsica \u2014 e ao mesmo tempo um convite para o inesperado, para a magia de ver o pequeno avi\u00e3o riscando o azul com eleg\u00e2ncia.<\/p>\n\n\n\n<figure class=\"wp-block-image size-large is-resized\"><img loading=\"lazy\" decoding=\"async\" width=\"1024\" height=\"768\" src=\"http:\/\/thiagoldaniel.com.br\/wp-content\/uploads\/2025\/09\/WhatsApp-Image-2025-09-11-at-22.32.06-1024x768.jpeg\" alt=\"\" class=\"wp-image-191\" style=\"width:769px;height:auto\" srcset=\"https:\/\/thiagoldaniel.com.br\/wp-content\/uploads\/2025\/09\/WhatsApp-Image-2025-09-11-at-22.32.06-1024x768.jpeg 1024w, https:\/\/thiagoldaniel.com.br\/wp-content\/uploads\/2025\/09\/WhatsApp-Image-2025-09-11-at-22.32.06-300x225.jpeg 300w, https:\/\/thiagoldaniel.com.br\/wp-content\/uploads\/2025\/09\/WhatsApp-Image-2025-09-11-at-22.32.06-768x576.jpeg 768w, https:\/\/thiagoldaniel.com.br\/wp-content\/uploads\/2025\/09\/WhatsApp-Image-2025-09-11-at-22.32.06.jpeg 1280w\" sizes=\"auto, (max-width: 1024px) 100vw, 1024px\" \/><\/figure>\n\n\n\n<p>O aeromodelismo desperta paix\u00f5es porque une ci\u00eancia e arte, paci\u00eancia e adrenalina. Quem observa um modelo voando percebe que n\u00e3o \u00e9 apenas um objeto mec\u00e2nico, mas quase uma criatura viva, respondendo \u00e0s m\u00e3os do piloto com gra\u00e7a. O som do motor, o reflexo do sol nas asas, a sombra dan\u00e7ando no ch\u00e3o \u2014 tudo cria um espet\u00e1culo que prende o olhar e acalma a alma.<\/p>\n\n\n\n<figure class=\"wp-block-image size-large is-resized\"><img loading=\"lazy\" decoding=\"async\" width=\"1024\" height=\"1024\" src=\"http:\/\/thiagoldaniel.com.br\/wp-content\/uploads\/2025\/09\/WhatsApp-Image-2025-09-11-at-22.32.05-1024x1024.jpeg\" alt=\"\" class=\"wp-image-193\" style=\"width:762px;height:auto\" srcset=\"https:\/\/thiagoldaniel.com.br\/wp-content\/uploads\/2025\/09\/WhatsApp-Image-2025-09-11-at-22.32.05-1024x1024.jpeg 1024w, https:\/\/thiagoldaniel.com.br\/wp-content\/uploads\/2025\/09\/WhatsApp-Image-2025-09-11-at-22.32.05-300x300.jpeg 300w, https:\/\/thiagoldaniel.com.br\/wp-content\/uploads\/2025\/09\/WhatsApp-Image-2025-09-11-at-22.32.05-150x150.jpeg 150w, https:\/\/thiagoldaniel.com.br\/wp-content\/uploads\/2025\/09\/WhatsApp-Image-2025-09-11-at-22.32.05-768x768.jpeg 768w, https:\/\/thiagoldaniel.com.br\/wp-content\/uploads\/2025\/09\/WhatsApp-Image-2025-09-11-at-22.32.05.jpeg 1080w\" sizes=\"auto, (max-width: 1024px) 100vw, 1024px\" \/><\/figure>\n\n\n\n<p>No fim, quando o aeromodelo pousa e repousa no solo, h\u00e1 uma sensa\u00e7\u00e3o de conquista silenciosa. \u00c9 como se voc\u00ea tivesse tocado o c\u00e9u por alguns minutos e voltado para contar a hist\u00f3ria. \u00c9 um convite constante a sonhar de novo, a construir melhor, a voar mais alto.<\/p>\n\n\n\n<figure class=\"wp-block-image size-large\"><img loading=\"lazy\" decoding=\"async\" width=\"768\" height=\"1024\" src=\"http:\/\/thiagoldaniel.com.br\/wp-content\/uploads\/2025\/09\/WhatsApp-Image-2025-09-11-at-22.40.02-768x1024.jpeg\" alt=\"\" class=\"wp-image-197\" srcset=\"https:\/\/thiagoldaniel.com.br\/wp-content\/uploads\/2025\/09\/WhatsApp-Image-2025-09-11-at-22.40.02-768x1024.jpeg 768w, https:\/\/thiagoldaniel.com.br\/wp-content\/uploads\/2025\/09\/WhatsApp-Image-2025-09-11-at-22.40.02-225x300.jpeg 225w, https:\/\/thiagoldaniel.com.br\/wp-content\/uploads\/2025\/09\/WhatsApp-Image-2025-09-11-at-22.40.02.jpeg 960w\" sizes=\"auto, (max-width: 768px) 100vw, 768px\" \/><\/figure>\n","protected":false},"excerpt":{"rendered":"<p>O aeromodelismo \u00e9 muito mais do que apenas uma atividade t\u00e9cnica ou um hobby \u2014 \u00e9 uma forma de poesia em movimento. Imagine um campo aberto, o vento suave no rosto, o cora\u00e7\u00e3o acelerando no mesmo ritmo das h\u00e9lices. Cada decolagem \u00e9<\/p>\n<p class=\"link-more\"><a class=\"myButt three\" href=\"https:\/\/thiagoldaniel.com.br\/index.php\/aeromodelismo\/\">Leia Mais&#8230;<\/a><\/p>\n","protected":false},"author":1,"featured_media":0,"parent":0,"menu_order":0,"comment_status":"closed","ping_status":"closed","template":"","meta":{"footnotes":""},"class_list":["post-189","page","type-page","status-publish","hentry"],"_links":{"self":[{"href":"https:\/\/thiagoldaniel.com.br\/index.php\/wp-json\/wp\/v2\/pages\/189","targetHints":{"allow":["GET"]}}],"collection":[{"href":"https:\/\/thiagoldaniel.com.br\/index.php\/wp-json\/wp\/v2\/pages"}],"about":[{"href":"https:\/\/thiagoldaniel.com.br\/index.php\/wp-json\/wp\/v2\/types\/page"}],"author":[{"embeddable":true,"href":"https:\/\/thiagoldaniel.com.br\/index.php\/wp-json\/wp\/v2\/users\/1"}],"replies":[{"embeddable":true,"href":"https:\/\/thiagoldaniel.com.br\/index.php\/wp-json\/wp\/v2\/comments?post=189"}],"version-history":[{"count":2,"href":"https:\/\/thiagoldaniel.com.br\/index.php\/wp-json\/wp\/v2\/pages\/189\/revisions"}],"predecessor-version":[{"id":198,"href":"https:\/\/thiagoldaniel.com.br\/index.php\/wp-json\/wp\/v2\/pages\/189\/revisions\/198"}],"wp:attachment":[{"href":"https:\/\/thiagoldaniel.com.br\/index.php\/wp-json\/wp\/v2\/media?parent=189"}],"curies":[{"name":"wp","href":"https:\/\/api.w.org\/{rel}","templated":true}]}}